{"id":178,"date":"2023-05-16T15:15:41","date_gmt":"2023-05-16T15:15:41","guid":{"rendered":"https:\/\/marcomoony.com\/it\/?page_id=178"},"modified":"2023-05-16T15:16:24","modified_gmt":"2023-05-16T15:16:24","slug":"privacy","status":"publish","type":"page","link":"https:\/\/marcomoony.com\/it\/privacy\/","title":{"rendered":"Privacy"},"content":{"rendered":"\n<h2 class=\"wp-block-heading\"><strong>Titolare del trattamento.<\/strong><\/h2>\n\n\n\n<p>Titolare del trattamento \u00e8 di Macro Moony, con sede a Palma di Maiorca<\/p>\n\n\n\n<h2 class=\"wp-block-heading\"><strong>I diritti di cui all\u2019art. 7 D.lg. n. 196\/03.<\/strong><\/h2>\n\n\n\n<p>Ricordiamo che l\u2019interessato ha diritto di ottenere l\u2019indicazione dell\u2019origine dei dati personali; delle finalit\u00e0 e modalit\u00e0 del trattamento; della logica applicata in caso di trattamento effettuato con l\u2019ausilio di strumenti elettronici; degli estremi identificativi del titolare, dei responsabili e dei soggetti o delle categorie di soggetti ai quali i dati personali possono essere comunicati o che possono venirne a conoscenza in qualit\u00e0 di responsabili o incaricati.<\/p>\n\n\n\n<p>L\u2019interessato ha diritto di ottenere l\u2019aggiornamento, la rettificazione ovvero, quando vi ha interesse, l\u2019integrazione dei dati; la cancellazione, la trasformazione in forma anonima o il blocco dei dati trattati in violazione di legge, compresi quelli di cui non \u00e8 necessaria la conservazione in relazione agli scopi per i quali i dati sono stati raccolti o successivamente trattati; l\u2019attestazione che le operazioni di cui sopra sono state portate a conoscenza, anche per quanto riguarda il loro contenuto, di coloro ai quali i dati sono stati comunicati o diffusi, eccettuato il caso in cui tale adempimento si rivela impossibile o comporta un impiego di mezzi manifestamente sproporzionato rispetto al diritto tutelato.<\/p>\n\n\n\n<p>L\u2019interessato ha diritto di opporsi, in tutto o in parte: per motivi legittimi al trattamento dei dati personali che lo riguardano, ancorch\u00e9 pertinenti allo scopo della raccolta; al trattamento di dati personali che lo riguardano a fini di marketing. Il diritto di opposizione dell\u2019interessato al trattamento dei dati per le finalit\u00e0 di marketing effettuato con modalit\u00e0 automatizzate di contatto si estende a quelle tradizionali, restando salva per l\u2019interessato la possibilit\u00e0 di esercitare tale diritto in tutto o in parte, ossia opponendosi, ad esempio, al solo invio di comunicazioni promozionali effettuato tramite strumenti automatizzati.<\/p>\n\n\n\n<h2 class=\"wp-block-heading\"><strong>Informativa sui cookie.<\/strong><br><em>Che cosa sono i cookie<\/em><\/h2>\n\n\n\n<p>Il cookie \u00e8 un piccolo file di testo contenente una certa quantit\u00e0 di informazioni scambiato tra un sito internet ed il tuo terminale (solitamente il browser) ed \u00e8 normalmente utilizzato dal gestore del sito internet per memorizzare le informazioni necessarie a migliorare la navigazione all\u2019interno del sito ovvero per inviare messaggi pubblicitari in linea con le preferenze manifestate dall\u2019utente nell\u2019ambito della navigazione in rete. Quando si visita di nuovo lo stesso sito o qualunque altro sito il dispositivo dell\u2019utente verifica la presenza di un cookie riconosciuto, in modo da potere leggere le informazioni in esso contenute. I diversi cookie contengono informazioni diverse e sono utilizzati per scopi differenti (navigazione efficiente nelle pagine di un medesimo sito, profilazione al fine di inviare messaggi promozionali mirati, analisi sul numero delle visite al sito).<\/p>\n\n\n\n<p>Nel corso della navigazione l\u2019utente pu\u00f2 ricevere sul suo terminale anche cookie inviati da siti o da web server diversi (c.d. terze parti), sui quali possono risiedere alcuni elementi (ad es. immagini, mappe, suoni, specifici link a pagine di altri domini) presenti sul sito che l\u2019utente sta visitando.<\/p>\n\n\n\n<p>Pi\u00f9 in generale, alcuni cookie (definiti cookie di sessione) sono assegnati al dispositivo dell\u2019utente soltanto per la durata dell\u2019accesso al sito e scadono automaticamente alla chiusura del browser. Altri cookie (definiti persistenti) restano nel dispositivo per un periodo di tempo prolungato.<\/p>\n\n\n\n<p>Le specifiche finalit\u00e0 delle diverse tipologie di cookie installati in questo sito sono di seguito descritte.<\/p>\n\n\n\n<p><em>Caratteristiche e finalit\u00e0 dei cookie installati dal sito<\/em><\/p>\n\n\n\n<p><strong>Cookie tecnici:<\/strong><br>Si tratta di cookie utilizzati specificamente per permettere il corretto funzionamento e la fruizione dei nostri siti. I cookie tecnici vengono ad esempio utilizzati per la funzionalit\u00e0 di login dell\u2019utente. Sono erogati principalmente dai server del sito o, nel caso dell\u2019integrazione di servizi esterni come i social network, da terze parti.<\/p>\n\n\n\n<p><strong>Cookie di profilazione:<\/strong><br>Si tratta di cookie utilizzati al fine di inviare messaggi pubblicitari in linea con le preferenze manifestate dall\u2019utente nell\u2019ambito della navigazione in rete. Possono essere erogati da nostri server oppure tramite il nostro sito da terze parti. Le aziende che offrono o pubblicizzano i propri prodotti tramite questo sito potrebbero assegnare cookie ai terminali degli utenti. Le categorie di cookie utilizzate e il tipo di trattamento di dati personali da parte di queste aziende sono regolati in conformit\u00e0 all\u2019informativa rese da queste aziende.<\/p>\n\n\n\n<p>Per le informative e per disattivare i cookie di profilazione erogati da terze parti vai sul sito<br><a href=\"http:\/\/www.youronlinechoices.com\/it\" target=\"_blank\" rel=\"noreferrer noopener\">www.youronlinechoices.com\/it<\/a><\/p>\n\n\n\n<p><strong>Cookie analitici:<\/strong><br>Si tratta di cookie utilizzati per analisi statistiche, per migliorare il sito e semplificarne l\u2019utilizzo oltre che per monitorarne il corretto funzionamento. Questo tipo di cookie raccoglie informazioni in forma anonima sull\u2019attivit\u00e0 degli utenti nel sito. Questo tipo di cookie viene erogato esclusivamente da terze parti.<\/p>\n\n\n\n<p>Per le informative e per disattivare i cookie analitici di terze parti vai sul sito:<br><a href=\"http:\/\/www.youronlinechoices.com\/it\" target=\"_blank\" rel=\"noreferrer noopener\">www.youronlinechoices.com\/it<\/a><\/p>\n\n\n\n<p><em>Opzioni circa l\u2019uso dei cookie da parte del sito mediante le impostazione del browser<\/em><\/p>\n\n\n\n<p>L\u2019erogazione di tutti i cookie, sia di prime che di terze parti, \u00e8 disattivabile intervenendo sulle impostazioni del browser in uso; \u00e8 bene notare per\u00f2 che questo potrebbe rendere inutilizzabili i siti qualora si bloccassero i cookie indispensabili per l\u2019erogazione delle funzionalit\u00e0. Ogni browser dispone di impostazioni diverse per la disattivazione dei cookie; di seguito proponiamo i collegamenti alle istruzioni per i browser pi\u00f9 comuni.<\/p>\n\n\n\n<p><a rel=\"noreferrer noopener\" href=\"http:\/\/windows.microsoft.com\/it-it\/windows7\/block-enable-or-allow-cookies\" target=\"_blank\">Microsoft Internet Explorer<\/a><\/p>\n\n\n\n<p><a rel=\"noreferrer noopener\" href=\"https:\/\/support.google.com\/accounts\/answer\/61416?hl=it\" target=\"_blank\">Google Chrome<\/a><\/p>\n\n\n\n<p><a rel=\"noreferrer noopener\" href=\"https:\/\/support.apple.com\/kb\/PH19214?locale=it_IT\" target=\"_blank\">Apple Safari<\/a><\/p>\n\n\n\n<p><a rel=\"noreferrer noopener\" href=\"https:\/\/support.mozilla.org\/it\/kb\/Attivare%20e%20disattivare%20i%20cookie\" target=\"_blank\">Mozilla Firefox<\/a><\/p>\n\n\n\n<p><a rel=\"noreferrer noopener\" href=\"http:\/\/help.opera.com\/Windows\/10.00\/it\/cookies.html\" target=\"_blank\">Opera<\/a><\/p>\n\n\n\n<p><strong>Siti di terze parti.<\/strong><br>I siti di terze parti a cui \u00e8 possibile accedere tramite questo sito web non sono coperti dalla presente informativa.  Marco Moony declina ogni responsabilit\u00e0 in merito ad essi. Le categorie di cookie utilizzate e il tipo di trattamento di dati personali da parte di queste aziende sono regolati in conformit\u00e0 all\u2019informativa rese da queste aziende.<\/p>\n","protected":false},"excerpt":{"rendered":"<p>Titolare del trattamento. Titolare del trattamento \u00e8 di Macro Moony, con sede a Palma di Maiorca I diritti di cui all\u2019art. 7 D.lg. n. 196\/03. Ricordiamo che l\u2019interessato ha diritto di ottenere l\u2019indicazione dell\u2019origine dei dati personali; delle finalit\u00e0 e modalit\u00e0 del trattamento; della logica applicata in caso di trattamento effettuato con l\u2019ausilio di strumenti &hellip; <\/p>\n<p class=\"link-more\"><a href=\"https:\/\/marcomoony.com\/it\/privacy\/\" class=\"more-link\">Leggi tutto<span class=\"screen-reader-text\"> &#8220;Privacy&#8221;<\/span><\/a><\/p>\n","protected":false},"author":1,"featured_media":0,"parent":0,"menu_order":0,"comment_status":"closed","ping_status":"closed","template":"","meta":[],"yoast_head":"<!-- This site is optimized with the Yoast SEO plugin v20.7 - https:\/\/yoast.com\/wordpress\/plugins\/seo\/ -->\n<title>Privacy - Marco Moony<\/title>\n<meta name=\"robots\" content=\"index, follow, max-snippet:-1, max-image-preview:large, max-video-preview:-1\" \/>\n<link rel=\"canonical\" href=\"https:\/\/marcomoony.com\/it\/privacy\/\" \/>\n<meta property=\"og:locale\" content=\"it_IT\" \/>\n<meta property=\"og:type\" content=\"article\" \/>\n<meta property=\"og:title\" content=\"Privacy - Marco Moony\" \/>\n<meta property=\"og:description\" content=\"Titolare del trattamento. Titolare del trattamento \u00e8 di Macro Moony, con sede a Palma di Maiorca I diritti di cui all\u2019art. 7 D.lg. n. 196\/03. Ricordiamo che l\u2019interessato ha diritto di ottenere l\u2019indicazione dell\u2019origine dei dati personali; delle finalit\u00e0 e modalit\u00e0 del trattamento; della logica applicata in caso di trattamento effettuato con l\u2019ausilio di strumenti &hellip; Leggi tutto &quot;Privacy&quot;\" \/>\n<meta property=\"og:url\" content=\"https:\/\/marcomoony.com\/it\/privacy\/\" \/>\n<meta property=\"og:site_name\" content=\"Marco Moony\" \/>\n<meta property=\"article:modified_time\" content=\"2023-05-16T15:16:24+00:00\" \/>\n<meta name=\"twitter:card\" content=\"summary_large_image\" \/>\n<meta name=\"twitter:label1\" content=\"Tempo di lettura stimato\" \/>\n\t<meta name=\"twitter:data1\" content=\"5 minuti\" \/>\n<script type=\"application\/ld+json\" class=\"yoast-schema-graph\">{\"@context\":\"https:\/\/schema.org\",\"@graph\":[{\"@type\":\"WebPage\",\"@id\":\"https:\/\/marcomoony.com\/it\/privacy\/\",\"url\":\"https:\/\/marcomoony.com\/it\/privacy\/\",\"name\":\"Privacy - Marco Moony\",\"isPartOf\":{\"@id\":\"https:\/\/marcomoony.com\/it\/#website\"},\"datePublished\":\"2023-05-16T15:15:41+00:00\",\"dateModified\":\"2023-05-16T15:16:24+00:00\",\"breadcrumb\":{\"@id\":\"https:\/\/marcomoony.com\/it\/privacy\/#breadcrumb\"},\"inLanguage\":\"it-IT\",\"potentialAction\":[{\"@type\":\"ReadAction\",\"target\":[\"https:\/\/marcomoony.com\/it\/privacy\/\"]}]},{\"@type\":\"BreadcrumbList\",\"@id\":\"https:\/\/marcomoony.com\/it\/privacy\/#breadcrumb\",\"itemListElement\":[{\"@type\":\"ListItem\",\"position\":1,\"name\":\"Home\",\"item\":\"https:\/\/marcomoony.com\/it\/\"},{\"@type\":\"ListItem\",\"position\":2,\"name\":\"Privacy\"}]},{\"@type\":\"WebSite\",\"@id\":\"https:\/\/marcomoony.com\/it\/#website\",\"url\":\"https:\/\/marcomoony.com\/it\/\",\"name\":\"Marco Moony\",\"description\":\"Percussionista Elettronico Internazionale\",\"publisher\":{\"@id\":\"https:\/\/marcomoony.com\/it\/#organization\"},\"potentialAction\":[{\"@type\":\"SearchAction\",\"target\":{\"@type\":\"EntryPoint\",\"urlTemplate\":\"https:\/\/marcomoony.com\/it\/?s={search_term_string}\"},\"query-input\":\"required name=search_term_string\"}],\"inLanguage\":\"it-IT\"},{\"@type\":\"Organization\",\"@id\":\"https:\/\/marcomoony.com\/it\/#organization\",\"name\":\"Marco Moony\",\"url\":\"https:\/\/marcomoony.com\/it\/\",\"logo\":{\"@type\":\"ImageObject\",\"inLanguage\":\"it-IT\",\"@id\":\"https:\/\/marcomoony.com\/it\/#\/schema\/logo\/image\/\",\"url\":\"https:\/\/marcomoony.com\/it\/wp-content\/uploads\/sites\/4\/2023\/05\/cropped-marcomoony-logo.png\",\"contentUrl\":\"https:\/\/marcomoony.com\/it\/wp-content\/uploads\/sites\/4\/2023\/05\/cropped-marcomoony-logo.png\",\"width\":736,\"height\":250,\"caption\":\"Marco Moony\"},\"image\":{\"@id\":\"https:\/\/marcomoony.com\/it\/#\/schema\/logo\/image\/\"}}]}<\/script>\n<!-- \/ Yoast SEO plugin. -->","yoast_head_json":{"title":"Privacy - Marco Moony","robots":{"index":"index","follow":"follow","max-snippet":"max-snippet:-1","max-image-preview":"max-image-preview:large","max-video-preview":"max-video-preview:-1"},"canonical":"https:\/\/marcomoony.com\/it\/privacy\/","og_locale":"it_IT","og_type":"article","og_title":"Privacy - Marco Moony","og_description":"Titolare del trattamento. Titolare del trattamento \u00e8 di Macro Moony, con sede a Palma di Maiorca I diritti di cui all\u2019art. 7 D.lg. n. 196\/03. Ricordiamo che l\u2019interessato ha diritto di ottenere l\u2019indicazione dell\u2019origine dei dati personali; delle finalit\u00e0 e modalit\u00e0 del trattamento; della logica applicata in caso di trattamento effettuato con l\u2019ausilio di strumenti &hellip; Leggi tutto \"Privacy\"","og_url":"https:\/\/marcomoony.com\/it\/privacy\/","og_site_name":"Marco Moony","article_modified_time":"2023-05-16T15:16:24+00:00","twitter_card":"summary_large_image","twitter_misc":{"Tempo di lettura stimato":"5 minuti"},"schema":{"@context":"https:\/\/schema.org","@graph":[{"@type":"WebPage","@id":"https:\/\/marcomoony.com\/it\/privacy\/","url":"https:\/\/marcomoony.com\/it\/privacy\/","name":"Privacy - Marco Moony","isPartOf":{"@id":"https:\/\/marcomoony.com\/it\/#website"},"datePublished":"2023-05-16T15:15:41+00:00","dateModified":"2023-05-16T15:16:24+00:00","breadcrumb":{"@id":"https:\/\/marcomoony.com\/it\/privacy\/#breadcrumb"},"inLanguage":"it-IT","potentialAction":[{"@type":"ReadAction","target":["https:\/\/marcomoony.com\/it\/privacy\/"]}]},{"@type":"BreadcrumbList","@id":"https:\/\/marcomoony.com\/it\/privacy\/#breadcrumb","itemListElement":[{"@type":"ListItem","position":1,"name":"Home","item":"https:\/\/marcomoony.com\/it\/"},{"@type":"ListItem","position":2,"name":"Privacy"}]},{"@type":"WebSite","@id":"https:\/\/marcomoony.com\/it\/#website","url":"https:\/\/marcomoony.com\/it\/","name":"Marco Moony","description":"Percussionista Elettronico Internazionale","publisher":{"@id":"https:\/\/marcomoony.com\/it\/#organization"},"potentialAction":[{"@type":"SearchAction","target":{"@type":"EntryPoint","urlTemplate":"https:\/\/marcomoony.com\/it\/?s={search_term_string}"},"query-input":"required name=search_term_string"}],"inLanguage":"it-IT"},{"@type":"Organization","@id":"https:\/\/marcomoony.com\/it\/#organization","name":"Marco Moony","url":"https:\/\/marcomoony.com\/it\/","logo":{"@type":"ImageObject","inLanguage":"it-IT","@id":"https:\/\/marcomoony.com\/it\/#\/schema\/logo\/image\/","url":"https:\/\/marcomoony.com\/it\/wp-content\/uploads\/sites\/4\/2023\/05\/cropped-marcomoony-logo.png","contentUrl":"https:\/\/marcomoony.com\/it\/wp-content\/uploads\/sites\/4\/2023\/05\/cropped-marcomoony-logo.png","width":736,"height":250,"caption":"Marco Moony"},"image":{"@id":"https:\/\/marcomoony.com\/it\/#\/schema\/logo\/image\/"}}]}},"_links":{"self":[{"href":"https:\/\/marcomoony.com\/it\/wp-json\/wp\/v2\/pages\/178"}],"collection":[{"href":"https:\/\/marcomoony.com\/it\/wp-json\/wp\/v2\/pages"}],"about":[{"href":"https:\/\/marcomoony.com\/it\/wp-json\/wp\/v2\/types\/page"}],"author":[{"embeddable":true,"href":"https:\/\/marcomoony.com\/it\/wp-json\/wp\/v2\/users\/1"}],"replies":[{"embeddable":true,"href":"https:\/\/marcomoony.com\/it\/wp-json\/wp\/v2\/comments?post=178"}],"version-history":[{"count":2,"href":"https:\/\/marcomoony.com\/it\/wp-json\/wp\/v2\/pages\/178\/revisions"}],"predecessor-version":[{"id":181,"href":"https:\/\/marcomoony.com\/it\/wp-json\/wp\/v2\/pages\/178\/revisions\/181"}],"wp:attachment":[{"href":"https:\/\/marcomoony.com\/it\/wp-json\/wp\/v2\/media?parent=178"}],"curies":[{"name":"wp","href":"https:\/\/api.w.org\/{rel}","templated":true}]}}