{"id":86,"date":"2018-03-04T14:56:30","date_gmt":"2018-03-04T14:56:30","guid":{"rendered":"http:\/\/marcomoony.com\/esp\/?page_id=86"},"modified":"2023-05-19T14:42:56","modified_gmt":"2023-05-19T14:42:56","slug":"home","status":"publish","type":"page","link":"https:\/\/marcomoony.com\/esp\/","title":{"rendered":"UNA MEZCLA ARROLLADORA DE RITMO Y ENERGIA PARA TODO TIPO DE EVENTO"},"content":{"rendered":"<p>Despu\u00e9s de una carrera que comenz\u00f3 en Mil\u00e1n, su ciudad natal, en 2015 decidi\u00f3 mudarse a la isla de Ibiza, famosa por su vibrante escena musical, convirti\u00e9ndose pronto en el percusionista oficial de la ic\u00f3nica cantante de House Music, Barbara Tucker. Desde entonces, ha actuado en los eventos m\u00e1s ic\u00f3nicos de Ibiza y Mallorca, embarc\u00e1ndose posteriormente en una gira internacional que lo ha llevado a actuar en los mejores clubes, beach clubs, eventos privados y programas de radio de todo el mundo.<\/p>\n\n\n<figure class=\"wp-block-video\"><video autoplay loop muted src=\"https:\/\/marcomoony.com\/esp\/wp-content\/uploads\/sites\/5\/2023\/05\/Marco-Moony-Intro-High-Quality.mp4\" playsinline><\/video><\/figure>\n","protected":false},"excerpt":{"rendered":"<p>Despu\u00e9s de una carrera que comenz\u00f3 en Mil\u00e1n, su ciudad natal, en 2015 decidi\u00f3 mudarse a la isla de Ibiza, famosa por su vibrante escena musical, convirti\u00e9ndose pronto en el percusionista oficial de la ic\u00f3nica cantante de House Music, Barbara Tucker. Desde entonces, ha actuado en los eventos m\u00e1s ic\u00f3nicos de Ibiza y Mallorca, embarc\u00e1ndose &hellip; <\/p>\n<p class=\"link-more\"><a href=\"https:\/\/marcomoony.com\/esp\/\" class=\"more-link\">Continuar leyendo<span class=\"screen-reader-text\"> \u00abUNA MEZCLA ARROLLADORA DE RITMO Y ENERGIA PARA TODO TIPO DE EVENTO\u00bb<\/span><\/a><\/p>\n","protected":false},"author":1,"featured_media":176,"parent":0,"menu_order":0,"comment_status":"closed","ping_status":"closed","template":"","meta":[],"yoast_head":"<!-- This site is optimized with the Yoast SEO plugin v20.7 - https:\/\/yoast.com\/wordpress\/plugins\/seo\/ -->\n<title>UNA MEZCLA ARROLLADORA DE RITMO Y ENERGIA PARA TODO TIPO DE EVENTO - Marco Moony<\/title>\n<meta name=\"robots\" content=\"index, follow, max-snippet:-1, max-image-preview:large, max-video-preview:-1\" \/>\n<link rel=\"canonical\" href=\"https:\/\/marcomoony.com\/esp\/\" \/>\n<meta property=\"og:locale\" content=\"es_ES\" \/>\n<meta property=\"og:type\" content=\"article\" \/>\n<meta property=\"og:title\" content=\"UNA MEZCLA ARROLLADORA DE RITMO Y ENERGIA PARA TODO TIPO DE EVENTO - Marco Moony\" \/>\n<meta property=\"og:description\" content=\"Despu\u00e9s de una carrera que comenz\u00f3 en Mil\u00e1n, su ciudad natal, en 2015 decidi\u00f3 mudarse a la isla de Ibiza, famosa por su vibrante escena musical, convirti\u00e9ndose pronto en el percusionista oficial de la ic\u00f3nica cantante de House Music, Barbara Tucker. Desde entonces, ha actuado en los eventos m\u00e1s ic\u00f3nicos de Ibiza y Mallorca, embarc\u00e1ndose &hellip; Continuar leyendo &quot;UNA MEZCLA ARROLLADORA DE RITMO Y ENERGIA PARA TODO TIPO DE EVENTO&quot;\" \/>\n<meta property=\"og:url\" content=\"https:\/\/marcomoony.com\/esp\/\" \/>\n<meta property=\"og:site_name\" content=\"Marco Moony\" \/>\n<meta property=\"article:modified_time\" content=\"2023-05-19T14:42:56+00:00\" \/>\n<meta property=\"og:image\" content=\"https:\/\/marcomoony.com\/esp\/wp-content\/uploads\/sites\/5\/2023\/05\/Marco-Moony-On-Stage.jpeg\" \/>\n\t<meta property=\"og:image:width\" content=\"1920\" \/>\n\t<meta property=\"og:image:height\" content=\"1080\" \/>\n\t<meta property=\"og:image:type\" content=\"image\/jpeg\" \/>\n<meta name=\"twitter:card\" content=\"summary_large_image\" \/>\n<meta name=\"twitter:label1\" content=\"Tiempo de lectura\" \/>\n\t<meta name=\"twitter:data1\" content=\"1 minuto\" \/>\n<script type=\"application\/ld+json\" class=\"yoast-schema-graph\">{\"@context\":\"https:\/\/schema.org\",\"@graph\":[{\"@type\":\"WebPage\",\"@id\":\"https:\/\/marcomoony.com\/esp\/\",\"url\":\"https:\/\/marcomoony.com\/esp\/\",\"name\":\"UNA MEZCLA ARROLLADORA DE RITMO Y ENERGIA PARA TODO TIPO DE EVENTO - Marco Moony\",\"isPartOf\":{\"@id\":\"https:\/\/marcomoony.com\/esp\/#website\"},\"datePublished\":\"2018-03-04T14:56:30+00:00\",\"dateModified\":\"2023-05-19T14:42:56+00:00\",\"breadcrumb\":{\"@id\":\"https:\/\/marcomoony.com\/esp\/#breadcrumb\"},\"inLanguage\":\"es\",\"potentialAction\":[{\"@type\":\"ReadAction\",\"target\":[\"https:\/\/marcomoony.com\/esp\/\"]}]},{\"@type\":\"BreadcrumbList\",\"@id\":\"https:\/\/marcomoony.com\/esp\/#breadcrumb\",\"itemListElement\":[{\"@type\":\"ListItem\",\"position\":1,\"name\":\"Portada\",\"item\":\"https:\/\/marcomoony.com\/esp\/\"},{\"@type\":\"ListItem\",\"position\":2,\"name\":\"UNA MEZCLA ARROLLADORA DE RITMO Y ENERGIA PARA TODO TIPO DE EVENTO\"}]},{\"@type\":\"WebSite\",\"@id\":\"https:\/\/marcomoony.com\/esp\/#website\",\"url\":\"https:\/\/marcomoony.com\/esp\/\",\"name\":\"Marco Moony\",\"description\":\"Percusionista Electr\u00f3nico Internacional\",\"publisher\":{\"@id\":\"https:\/\/marcomoony.com\/esp\/#organization\"},\"potentialAction\":[{\"@type\":\"SearchAction\",\"target\":{\"@type\":\"EntryPoint\",\"urlTemplate\":\"https:\/\/marcomoony.com\/esp\/?s={search_term_string}\"},\"query-input\":\"required name=search_term_string\"}],\"inLanguage\":\"es\"},{\"@type\":\"Organization\",\"@id\":\"https:\/\/marcomoony.com\/esp\/#organization\",\"name\":\"Marco Moony\",\"url\":\"https:\/\/marcomoony.com\/esp\/\",\"logo\":{\"@type\":\"ImageObject\",\"inLanguage\":\"es\",\"@id\":\"https:\/\/marcomoony.com\/esp\/#\/schema\/logo\/image\/\",\"url\":\"https:\/\/marcomoony.com\/esp\/wp-content\/uploads\/sites\/5\/2023\/05\/cropped-marcomoony-logo.png\",\"contentUrl\":\"https:\/\/marcomoony.com\/esp\/wp-content\/uploads\/sites\/5\/2023\/05\/cropped-marcomoony-logo.png\",\"width\":736,\"height\":250,\"caption\":\"Marco Moony\"},\"image\":{\"@id\":\"https:\/\/marcomoony.com\/esp\/#\/schema\/logo\/image\/\"}}]}<\/script>\n<!-- \/ Yoast SEO plugin. -->","yoast_head_json":{"title":"UNA MEZCLA ARROLLADORA DE RITMO Y ENERGIA PARA TODO TIPO DE EVENTO - Marco Moony","robots":{"index":"index","follow":"follow","max-snippet":"max-snippet:-1","max-image-preview":"max-image-preview:large","max-video-preview":"max-video-preview:-1"},"canonical":"https:\/\/marcomoony.com\/esp\/","og_locale":"es_ES","og_type":"article","og_title":"UNA MEZCLA ARROLLADORA DE RITMO Y ENERGIA PARA TODO TIPO DE EVENTO - Marco Moony","og_description":"Despu\u00e9s de una carrera que comenz\u00f3 en Mil\u00e1n, su ciudad natal, en 2015 decidi\u00f3 mudarse a la isla de Ibiza, famosa por su vibrante escena musical, convirti\u00e9ndose pronto en el percusionista oficial de la ic\u00f3nica cantante de House Music, Barbara Tucker. Desde entonces, ha actuado en los eventos m\u00e1s ic\u00f3nicos de Ibiza y Mallorca, embarc\u00e1ndose &hellip; Continuar leyendo \"UNA MEZCLA ARROLLADORA DE RITMO Y ENERGIA PARA TODO TIPO DE EVENTO\"","og_url":"https:\/\/marcomoony.com\/esp\/","og_site_name":"Marco Moony","article_modified_time":"2023-05-19T14:42:56+00:00","og_image":[{"width":1920,"height":1080,"url":"https:\/\/marcomoony.com\/esp\/wp-content\/uploads\/sites\/5\/2023\/05\/Marco-Moony-On-Stage.jpeg","type":"image\/jpeg"}],"twitter_card":"summary_large_image","twitter_misc":{"Tiempo de lectura":"1 minuto"},"schema":{"@context":"https:\/\/schema.org","@graph":[{"@type":"WebPage","@id":"https:\/\/marcomoony.com\/esp\/","url":"https:\/\/marcomoony.com\/esp\/","name":"UNA MEZCLA ARROLLADORA DE RITMO Y ENERGIA PARA TODO TIPO DE EVENTO - Marco Moony","isPartOf":{"@id":"https:\/\/marcomoony.com\/esp\/#website"},"datePublished":"2018-03-04T14:56:30+00:00","dateModified":"2023-05-19T14:42:56+00:00","breadcrumb":{"@id":"https:\/\/marcomoony.com\/esp\/#breadcrumb"},"inLanguage":"es","potentialAction":[{"@type":"ReadAction","target":["https:\/\/marcomoony.com\/esp\/"]}]},{"@type":"BreadcrumbList","@id":"https:\/\/marcomoony.com\/esp\/#breadcrumb","itemListElement":[{"@type":"ListItem","position":1,"name":"Portada","item":"https:\/\/marcomoony.com\/esp\/"},{"@type":"ListItem","position":2,"name":"UNA MEZCLA ARROLLADORA DE RITMO Y ENERGIA PARA TODO TIPO DE EVENTO"}]},{"@type":"WebSite","@id":"https:\/\/marcomoony.com\/esp\/#website","url":"https:\/\/marcomoony.com\/esp\/","name":"Marco Moony","description":"Percusionista Electr\u00f3nico Internacional","publisher":{"@id":"https:\/\/marcomoony.com\/esp\/#organization"},"potentialAction":[{"@type":"SearchAction","target":{"@type":"EntryPoint","urlTemplate":"https:\/\/marcomoony.com\/esp\/?s={search_term_string}"},"query-input":"required name=search_term_string"}],"inLanguage":"es"},{"@type":"Organization","@id":"https:\/\/marcomoony.com\/esp\/#organization","name":"Marco Moony","url":"https:\/\/marcomoony.com\/esp\/","logo":{"@type":"ImageObject","inLanguage":"es","@id":"https:\/\/marcomoony.com\/esp\/#\/schema\/logo\/image\/","url":"https:\/\/marcomoony.com\/esp\/wp-content\/uploads\/sites\/5\/2023\/05\/cropped-marcomoony-logo.png","contentUrl":"https:\/\/marcomoony.com\/esp\/wp-content\/uploads\/sites\/5\/2023\/05\/cropped-marcomoony-logo.png","width":736,"height":250,"caption":"Marco Moony"},"image":{"@id":"https:\/\/marcomoony.com\/esp\/#\/schema\/logo\/image\/"}}]}},"_links":{"self":[{"href":"https:\/\/marcomoony.com\/esp\/wp-json\/wp\/v2\/pages\/86"}],"collection":[{"href":"https:\/\/marcomoony.com\/esp\/wp-json\/wp\/v2\/pages"}],"about":[{"href":"https:\/\/marcomoony.com\/esp\/wp-json\/wp\/v2\/types\/page"}],"author":[{"embeddable":true,"href":"https:\/\/marcomoony.com\/esp\/wp-json\/wp\/v2\/users\/1"}],"replies":[{"embeddable":true,"href":"https:\/\/marcomoony.com\/esp\/wp-json\/wp\/v2\/comments?post=86"}],"version-history":[{"count":22,"href":"https:\/\/marcomoony.com\/esp\/wp-json\/wp\/v2\/pages\/86\/revisions"}],"predecessor-version":[{"id":195,"href":"https:\/\/marcomoony.com\/esp\/wp-json\/wp\/v2\/pages\/86\/revisions\/195"}],"wp:featuredmedia":[{"embeddable":true,"href":"https:\/\/marcomoony.com\/esp\/wp-json\/wp\/v2\/media\/176"}],"wp:attachment":[{"href":"https:\/\/marcomoony.com\/esp\/wp-json\/wp\/v2\/media?parent=86"}],"curies":[{"name":"wp","href":"https:\/\/api.w.org\/{rel}","templated":true}]}}