{"id":2,"date":"2018-02-28T11:32:45","date_gmt":"2018-02-28T11:32:45","guid":{"rendered":"http:\/\/marcomoony.com\/esp\/?page_id=2"},"modified":"2023-05-19T15:09:38","modified_gmt":"2023-05-19T15:09:38","slug":"contacto","status":"publish","type":"page","link":"https:\/\/marcomoony.com\/esp\/contacto\/","title":{"rendered":"CONTACTO"},"content":{"rendered":"<p><span style=\"color: #ffffff;\">Si quieres <strong>recibir m\u00e1s informaci\u00f3n sobre los servicios de Marco Moony<\/strong> o pedir un presupuesto, env\u00edanos un mensaje al mail<\/span><\/p>\n<p><span style=\"color: #ffffff;\"><strong><a style=\"color: #ffffff;\" href=\"mailto:info@marcomoony.com\">info@marcomoony.com<\/a><\/strong><\/span><\/p>\n<p><span style=\"color: #ffffff;\">o rellena el formulario de contacto a continuaci\u00f3n.<\/span><\/p>\n\n<div class=\"wpcf7 no-js\" id=\"wpcf7-f35-o1\" lang=\"it-IT\" dir=\"ltr\">\n<div class=\"screen-reader-response\"><p role=\"status\" aria-live=\"polite\" aria-atomic=\"true\"><\/p> <ul><\/ul><\/div>\n<form action=\"\/esp\/wp-json\/wp\/v2\/pages\/2#wpcf7-f35-o1\" method=\"post\" class=\"wpcf7-form init\" aria-label=\"Modulo di contatto\" novalidate=\"novalidate\" data-status=\"init\">\n<div style=\"display: none;\">\n<input type=\"hidden\" name=\"_wpcf7\" value=\"35\" \/>\n<input type=\"hidden\" name=\"_wpcf7_version\" value=\"5.7.6\" \/>\n<input type=\"hidden\" name=\"_wpcf7_locale\" value=\"it_IT\" \/>\n<input type=\"hidden\" name=\"_wpcf7_unit_tag\" value=\"wpcf7-f35-o1\" \/>\n<input type=\"hidden\" name=\"_wpcf7_container_post\" value=\"0\" \/>\n<input type=\"hidden\" name=\"_wpcf7_posted_data_hash\" value=\"\" \/>\n<input type=\"hidden\" name=\"_wpcf7_recaptcha_response\" value=\"\" \/>\n<\/div>\n<p><label> Nombre <i>(requerido)<\/i><br \/>\n<span class=\"wpcf7-form-control-wrap\" data-name=\"your-name\"><input size=\"40\" class=\"wpcf7-form-control wpcf7-text wpcf7-validates-as-required\" aria-required=\"true\" aria-invalid=\"false\" value=\"\" type=\"text\" name=\"your-name\" \/><\/span> <\/label>\n<\/p>\n<p><label> Email <i>(requerido)<\/i><br \/>\n<span class=\"wpcf7-form-control-wrap\" data-name=\"your-email\"><input size=\"40\" class=\"wpcf7-form-control wpcf7-text wpcf7-email wpcf7-validates-as-required wpcf7-validates-as-email\" aria-required=\"true\" aria-invalid=\"false\" value=\"\" type=\"email\" name=\"your-email\" \/><\/span> <\/label>\n<\/p>\n<p><label> Asunto <i>(requerido)<\/i><br \/>\n<span class=\"wpcf7-form-control-wrap\" data-name=\"your-subject\"><input size=\"40\" class=\"wpcf7-form-control wpcf7-text wpcf7-validates-as-required\" aria-required=\"true\" aria-invalid=\"false\" value=\"\" type=\"text\" name=\"your-subject\" \/><\/span> <\/label>\n<\/p>\n<p><label> Mensaje <i>(requerido)<\/i><br \/>\n<span class=\"wpcf7-form-control-wrap\" data-name=\"your-message\"><textarea cols=\"40\" rows=\"10\" class=\"wpcf7-form-control wpcf7-textarea wpcf7-validates-as-required\" aria-required=\"true\" aria-invalid=\"false\" name=\"your-message\"><\/textarea><\/span> <\/label>\n<\/p>\n<p><input class=\"wpcf7-form-control has-spinner wpcf7-submit\" type=\"submit\" value=\"Envia\" \/>\n<\/p><div class=\"wpcf7-response-output\" aria-hidden=\"true\"><\/div>\n<\/form>\n<\/div>\n\n","protected":false},"excerpt":{"rendered":"<p>Si quieres recibir m\u00e1s informaci\u00f3n sobre los servicios de Marco Moony o pedir un presupuesto, env\u00edanos un mensaje al mail info@marcomoony.com o rellena el formulario de contacto a continuaci\u00f3n.<\/p>\n","protected":false},"author":1,"featured_media":0,"parent":0,"menu_order":0,"comment_status":"closed","ping_status":"open","template":"","meta":[],"yoast_head":"<!-- This site is optimized with the Yoast SEO plugin v20.7 - https:\/\/yoast.com\/wordpress\/plugins\/seo\/ -->\n<title>CONTACTO - Marco Moony<\/title>\n<meta name=\"robots\" content=\"index, follow, max-snippet:-1, max-image-preview:large, max-video-preview:-1\" \/>\n<link rel=\"canonical\" href=\"https:\/\/marcomoony.com\/esp\/contacto\/\" \/>\n<meta property=\"og:locale\" content=\"es_ES\" \/>\n<meta property=\"og:type\" content=\"article\" \/>\n<meta property=\"og:title\" content=\"CONTACTO - Marco Moony\" \/>\n<meta property=\"og:description\" content=\"Si quieres recibir m\u00e1s informaci\u00f3n sobre los servicios de Marco Moony o pedir un presupuesto, env\u00edanos un mensaje al mail info@marcomoony.com o rellena el formulario de contacto a continuaci\u00f3n.\" \/>\n<meta property=\"og:url\" content=\"https:\/\/marcomoony.com\/esp\/contacto\/\" \/>\n<meta property=\"og:site_name\" content=\"Marco Moony\" \/>\n<meta property=\"article:modified_time\" content=\"2023-05-19T15:09:38+00:00\" \/>\n<meta name=\"twitter:card\" content=\"summary_large_image\" \/>\n<meta name=\"twitter:label1\" content=\"Tiempo de lectura\" \/>\n\t<meta name=\"twitter:data1\" content=\"1 minuto\" \/>\n<script type=\"application\/ld+json\" class=\"yoast-schema-graph\">{\"@context\":\"https:\/\/schema.org\",\"@graph\":[{\"@type\":\"WebPage\",\"@id\":\"https:\/\/marcomoony.com\/esp\/contacto\/\",\"url\":\"https:\/\/marcomoony.com\/esp\/contacto\/\",\"name\":\"CONTACTO - Marco Moony\",\"isPartOf\":{\"@id\":\"https:\/\/marcomoony.com\/esp\/#website\"},\"datePublished\":\"2018-02-28T11:32:45+00:00\",\"dateModified\":\"2023-05-19T15:09:38+00:00\",\"breadcrumb\":{\"@id\":\"https:\/\/marcomoony.com\/esp\/contacto\/#breadcrumb\"},\"inLanguage\":\"es\",\"potentialAction\":[{\"@type\":\"ReadAction\",\"target\":[\"https:\/\/marcomoony.com\/esp\/contacto\/\"]}]},{\"@type\":\"BreadcrumbList\",\"@id\":\"https:\/\/marcomoony.com\/esp\/contacto\/#breadcrumb\",\"itemListElement\":[{\"@type\":\"ListItem\",\"position\":1,\"name\":\"Portada\",\"item\":\"https:\/\/marcomoony.com\/esp\/\"},{\"@type\":\"ListItem\",\"position\":2,\"name\":\"CONTACTO\"}]},{\"@type\":\"WebSite\",\"@id\":\"https:\/\/marcomoony.com\/esp\/#website\",\"url\":\"https:\/\/marcomoony.com\/esp\/\",\"name\":\"Marco Moony\",\"description\":\"Percusionista Electr\u00f3nico Internacional\",\"publisher\":{\"@id\":\"https:\/\/marcomoony.com\/esp\/#organization\"},\"potentialAction\":[{\"@type\":\"SearchAction\",\"target\":{\"@type\":\"EntryPoint\",\"urlTemplate\":\"https:\/\/marcomoony.com\/esp\/?s={search_term_string}\"},\"query-input\":\"required name=search_term_string\"}],\"inLanguage\":\"es\"},{\"@type\":\"Organization\",\"@id\":\"https:\/\/marcomoony.com\/esp\/#organization\",\"name\":\"Marco Moony\",\"url\":\"https:\/\/marcomoony.com\/esp\/\",\"logo\":{\"@type\":\"ImageObject\",\"inLanguage\":\"es\",\"@id\":\"https:\/\/marcomoony.com\/esp\/#\/schema\/logo\/image\/\",\"url\":\"https:\/\/marcomoony.com\/esp\/wp-content\/uploads\/sites\/5\/2023\/05\/cropped-marcomoony-logo.png\",\"contentUrl\":\"https:\/\/marcomoony.com\/esp\/wp-content\/uploads\/sites\/5\/2023\/05\/cropped-marcomoony-logo.png\",\"width\":736,\"height\":250,\"caption\":\"Marco Moony\"},\"image\":{\"@id\":\"https:\/\/marcomoony.com\/esp\/#\/schema\/logo\/image\/\"}}]}<\/script>\n<!-- \/ Yoast SEO plugin. -->","yoast_head_json":{"title":"CONTACTO - Marco Moony","robots":{"index":"index","follow":"follow","max-snippet":"max-snippet:-1","max-image-preview":"max-image-preview:large","max-video-preview":"max-video-preview:-1"},"canonical":"https:\/\/marcomoony.com\/esp\/contacto\/","og_locale":"es_ES","og_type":"article","og_title":"CONTACTO - Marco Moony","og_description":"Si quieres recibir m\u00e1s informaci\u00f3n sobre los servicios de Marco Moony o pedir un presupuesto, env\u00edanos un mensaje al mail info@marcomoony.com o rellena el formulario de contacto a continuaci\u00f3n.","og_url":"https:\/\/marcomoony.com\/esp\/contacto\/","og_site_name":"Marco Moony","article_modified_time":"2023-05-19T15:09:38+00:00","twitter_card":"summary_large_image","twitter_misc":{"Tiempo de lectura":"1 minuto"},"schema":{"@context":"https:\/\/schema.org","@graph":[{"@type":"WebPage","@id":"https:\/\/marcomoony.com\/esp\/contacto\/","url":"https:\/\/marcomoony.com\/esp\/contacto\/","name":"CONTACTO - Marco Moony","isPartOf":{"@id":"https:\/\/marcomoony.com\/esp\/#website"},"datePublished":"2018-02-28T11:32:45+00:00","dateModified":"2023-05-19T15:09:38+00:00","breadcrumb":{"@id":"https:\/\/marcomoony.com\/esp\/contacto\/#breadcrumb"},"inLanguage":"es","potentialAction":[{"@type":"ReadAction","target":["https:\/\/marcomoony.com\/esp\/contacto\/"]}]},{"@type":"BreadcrumbList","@id":"https:\/\/marcomoony.com\/esp\/contacto\/#breadcrumb","itemListElement":[{"@type":"ListItem","position":1,"name":"Portada","item":"https:\/\/marcomoony.com\/esp\/"},{"@type":"ListItem","position":2,"name":"CONTACTO"}]},{"@type":"WebSite","@id":"https:\/\/marcomoony.com\/esp\/#website","url":"https:\/\/marcomoony.com\/esp\/","name":"Marco Moony","description":"Percusionista Electr\u00f3nico Internacional","publisher":{"@id":"https:\/\/marcomoony.com\/esp\/#organization"},"potentialAction":[{"@type":"SearchAction","target":{"@type":"EntryPoint","urlTemplate":"https:\/\/marcomoony.com\/esp\/?s={search_term_string}"},"query-input":"required name=search_term_string"}],"inLanguage":"es"},{"@type":"Organization","@id":"https:\/\/marcomoony.com\/esp\/#organization","name":"Marco Moony","url":"https:\/\/marcomoony.com\/esp\/","logo":{"@type":"ImageObject","inLanguage":"es","@id":"https:\/\/marcomoony.com\/esp\/#\/schema\/logo\/image\/","url":"https:\/\/marcomoony.com\/esp\/wp-content\/uploads\/sites\/5\/2023\/05\/cropped-marcomoony-logo.png","contentUrl":"https:\/\/marcomoony.com\/esp\/wp-content\/uploads\/sites\/5\/2023\/05\/cropped-marcomoony-logo.png","width":736,"height":250,"caption":"Marco Moony"},"image":{"@id":"https:\/\/marcomoony.com\/esp\/#\/schema\/logo\/image\/"}}]}},"_links":{"self":[{"href":"https:\/\/marcomoony.com\/esp\/wp-json\/wp\/v2\/pages\/2"}],"collection":[{"href":"https:\/\/marcomoony.com\/esp\/wp-json\/wp\/v2\/pages"}],"about":[{"href":"https:\/\/marcomoony.com\/esp\/wp-json\/wp\/v2\/types\/page"}],"author":[{"embeddable":true,"href":"https:\/\/marcomoony.com\/esp\/wp-json\/wp\/v2\/users\/1"}],"replies":[{"embeddable":true,"href":"https:\/\/marcomoony.com\/esp\/wp-json\/wp\/v2\/comments?post=2"}],"version-history":[{"count":9,"href":"https:\/\/marcomoony.com\/esp\/wp-json\/wp\/v2\/pages\/2\/revisions"}],"predecessor-version":[{"id":198,"href":"https:\/\/marcomoony.com\/esp\/wp-json\/wp\/v2\/pages\/2\/revisions\/198"}],"wp:attachment":[{"href":"https:\/\/marcomoony.com\/esp\/wp-json\/wp\/v2\/media?parent=2"}],"curies":[{"name":"wp","href":"https:\/\/api.w.org\/{rel}","templated":true}]}}