{"id":177,"date":"2023-05-16T15:09:12","date_gmt":"2023-05-16T15:09:12","guid":{"rendered":"https:\/\/marcomoony.com\/esp\/?page_id=177"},"modified":"2023-05-16T15:09:12","modified_gmt":"2023-05-16T15:09:12","slug":"privacy","status":"publish","type":"page","link":"https:\/\/marcomoony.com\/esp\/privacy\/","title":{"rendered":"Privacy"},"content":{"rendered":"\n<h2 class=\"wp-block-heading\"><strong>Titular del tratamiento.<\/strong><\/h2>\n\n\n\n<p>El controlador de datos es Marco Moony, con sede en Palma de Mallorca.<\/p>\n\n\n\n<h2 class=\"wp-block-heading\"><strong><strong>Los derechos a que se refiere el art. 7 Decreto Legislativo n. 196\/03.<\/strong><\/strong><\/h2>\n\n\n\n<p>Le recordamos que la parte interesada tiene derecho a obtener una indicaci\u00f3n del origen de los datos personales; los prop\u00f3sitos y m\u00e9todos de tratamiento; de la l\u00f3gica aplicada en caso de tratamiento realizado con la ayuda de instrumentos electr\u00f3nicos; la identidad del propietario, gerentes y sujetos o categor\u00edas de sujetos a quienes se pueden comunicar datos personales o que pueden aprender sobre ellos como gerentes o agentes.<\/p>\n\n\n\n<p>El interesado tiene derecho a obtener actualizaci\u00f3n, rectificaci\u00f3n o, cuando est\u00e9 interesado, integraci\u00f3n de datos; la cancelaci\u00f3n, transformaci\u00f3n en forma an\u00f3nima o bloqueo de datos procesados \u200b\u200ben violaci\u00f3n de la ley, incluidos los datos cuya retenci\u00f3n es innecesaria para los fines para los cuales los datos fueron recopilados o procesados \u200b\u200bposteriormente; la certificaci\u00f3n de que las operaciones anteriores se han se\u00f1alado a la atenci\u00f3n, tambi\u00e9n con respecto a su contenido, de aquellos a quienes se han comunicado o difundido los datos, excepto en el caso de que este cumplimiento resulte imposible o implique el uso de significa manifiestamente desproporcionado al derecho protegido.<\/p>\n\n\n\n<p>El interesado tiene derecho a oponerse, en todo o en parte: por razones leg\u00edtimas, al procesamiento de los datos personales que le conciernen, incluso si son pertinentes para el prop\u00f3sito de la recopilaci\u00f3n; al procesamiento de datos personales que le conciernen con fines de marketing. El derecho de oposici\u00f3n de la parte interesada al procesamiento de datos con fines de comercializaci\u00f3n llevados a cabo con m\u00e9todos de contacto automatizados se extiende a los tradicionales, sin perjuicio de la posibilidad de que la parte interesada ejerza este derecho en su totalidad o en parte, o se oponga a ejemplo, solo para el env\u00edo de comunicaciones promocionales realizadas a trav\u00e9s de herramientas automatizadas.<\/p>\n\n\n\n<h2 class=\"wp-block-heading\"><strong><strong><strong>Pol\u00edtica de cookies<\/strong><\/strong><\/strong><\/h2>\n\n\n\n<p>\u00bfQu\u00e9 son las cookies?<\/p>\n\n\n\n<p>La cookie es un peque\u00f1o archivo de texto que contiene una cierta cantidad de informaci\u00f3n intercambiada entre un sitio web y su terminal (generalmente el navegador) y normalmente es utilizada por el operador del sitio web para almacenar la informaci\u00f3n necesaria para mejorar la navegaci\u00f3n dentro del sitio o para enviar mensajes publicitarios en l\u00ednea con las preferencias expresadas por el usuario en el contexto de navegar por la red. Cuando vuelve a visitar el mismo sitio o cualquier otro sitio, el dispositivo del usuario comprueba la presencia de una cookie reconocida, para poder leer la informaci\u00f3n contenida en el mismo. Las diferentes cookies contienen informaci\u00f3n diferente y se utilizan para diferentes prop\u00f3sitos (navegaci\u00f3n eficiente en las p\u00e1ginas del mismo sitio, creaci\u00f3n de perfiles para enviar mensajes promocionales espec\u00edficos, an\u00e1lisis del n\u00famero de visitas al sitio).<\/p>\n\n\n\n<p>Durante la navegaci\u00f3n, el usuario tambi\u00e9n puede recibir cookies enviadas desde diferentes sitios web o servidores web en su terminal (los llamados terceros), en los que pueden residir algunos elementos (por ejemplo, im\u00e1genes, mapas, sonidos, enlaces espec\u00edficos a otras p\u00e1ginas). dominios) en el sitio que el usuario est\u00e1 visitando.<\/p>\n\n\n\n<p>En t\u00e9rminos m\u00e1s generales, algunas cookies (llamadas cookies de sesi\u00f3n) se asignan al dispositivo del usuario solo durante el acceso al sitio y caducan autom\u00e1ticamente cuando se cierra el navegador. Otras cookies (definidas como persistentes) permanecen en el dispositivo durante un per\u00edodo prolongado de tiempo.<\/p>\n\n\n\n<p>Los prop\u00f3sitos espec\u00edficos de los diferentes tipos de cookies instalados en este sitio se describen a continuaci\u00f3n.<\/p>\n\n\n\n<p>Caracter\u00edsticas y prop\u00f3sitos de las cookies instaladas por el sitio<\/p>\n\n\n\n<p><strong>Cookies tecnicas:<\/strong><br>Estas son cookies utilizadas espec\u00edficamente para permitir el correcto funcionamiento y uso de nuestros sitios. Las cookies t\u00e9cnicas se utilizan, por ejemplo, para la funcionalidad de inicio de sesi\u00f3n del usuario. Los proporcionan principalmente los servidores del sitio o, en el caso de la integraci\u00f3n de servicios externos como las redes sociales, por terceros.<\/p>\n\n\n\n<p><strong>Cookies de perfil:<\/strong><br>Estas son cookies utilizadas para enviar mensajes publicitarios en l\u00ednea con las preferencias expresadas por el usuario en el contexto de navegar por la red. Pueden ser proporcionados por nuestros servidores o por nuestro sitio web por terceros. Las empresas que ofrecen o anuncian sus productos a trav\u00e9s de este sitio pueden asignar cookies a los terminales de los usuarios. Las categor\u00edas de cookies utilizadas y el tipo de procesamiento de datos personales por parte de estas empresas est\u00e1n regulados de acuerdo con la informaci\u00f3n proporcionada por estas empresas.<\/p>\n\n\n\n<p>Para obtener informaci\u00f3n y deshabilitar las cookies de creaci\u00f3n de perfiles proporcionadas por terceros, vaya al sitio<br> www.youronlinechoices.com\/it<\/p>\n\n\n\n<p><strong>Cookies anal\u00edticas:<\/strong><br>Estas son cookies utilizadas para el an\u00e1lisis estad\u00edstico, para mejorar el sitio y simplificar su uso, as\u00ed como para controlar su correcto funcionamiento. Este tipo de cookie recopila informaci\u00f3n an\u00f3nima sobre la actividad del usuario en el sitio. Este tipo de cookie es proporcionado exclusivamente por terceros.<\/p>\n\n\n\n<p>Para obtener informaci\u00f3n y deshabilitar las cookies anal\u00edticas de terceros, vaya al sitio:<br>\nwww.youronlinechoices.com\/it<\/p>\n\n\n\n<p>Opciones sobre el uso de cookies por parte del sitio a trav\u00e9s de la configuraci\u00f3n del navegador<\/p>\n\n\n\n<p>La provisi\u00f3n de todas las cookies, tanto de primera como de terceros, se puede desactivar interviniendo en la configuraci\u00f3n del navegador en uso; Sin embargo, debe tenerse en cuenta que esto podr\u00eda inutilizar los sitios si se bloquearan las cookies indispensables para la prestaci\u00f3n de la funcionalidad. Cada navegador tiene diferentes configuraciones para deshabilitar las cookies; a continuaci\u00f3n ofrecemos enlaces a instrucciones para los navegadores m\u00e1s comunes.<\/p>\n\n\n\n<p><span style=\"text-decoration: underline;\">Microsoft Internet Explorer<\/span><\/p>\n\n\n\n<p><span style=\"text-decoration: underline;\">Google Chrome<\/span><\/p>\n\n\n\n<p><span style=\"text-decoration: underline;\">Safari de manzana<\/span><\/p>\n\n\n\n<p><span style=\"text-decoration: underline;\">Mozilla Firefox<\/span><\/p>\n\n\n\n<p><span style=\"text-decoration: underline;\">\u00f3pera<\/span><\/p>\n\n\n\n<p><strong>Sitios de terceros.<\/strong><br>Los sitios de terceros a los que se puede acceder a trav\u00e9s de este sitio web no est\u00e1n cubiertos por esta declaraci\u00f3n. Marco Moony niega cualquier responsabilidad por ellos. Las categor\u00edas de cookies utilizadas y el tipo de procesamiento de datos personales por parte de estas empresas est\u00e1n regulados de acuerdo con la informaci\u00f3n proporcionada por estas empresas.<\/p>\n","protected":false},"excerpt":{"rendered":"<p>Titular del tratamiento. El controlador de datos es Marco Moony, con sede en Palma de Mallorca. Los derechos a que se refiere el art. 7 Decreto Legislativo n. 196\/03. Le recordamos que la parte interesada tiene derecho a obtener una indicaci\u00f3n del origen de los datos personales; los prop\u00f3sitos y m\u00e9todos de tratamiento; de la &hellip; <\/p>\n<p class=\"link-more\"><a href=\"https:\/\/marcomoony.com\/esp\/privacy\/\" class=\"more-link\">Continuar leyendo<span class=\"screen-reader-text\"> \u00abPrivacy\u00bb<\/span><\/a><\/p>\n","protected":false},"author":1,"featured_media":0,"parent":0,"menu_order":0,"comment_status":"closed","ping_status":"closed","template":"","meta":[],"yoast_head":"<!-- This site is optimized with the Yoast SEO plugin v20.7 - https:\/\/yoast.com\/wordpress\/plugins\/seo\/ -->\n<title>Privacy - Marco Moony<\/title>\n<meta name=\"robots\" content=\"index, follow, max-snippet:-1, max-image-preview:large, max-video-preview:-1\" \/>\n<link rel=\"canonical\" href=\"https:\/\/marcomoony.com\/esp\/privacy\/\" \/>\n<meta property=\"og:locale\" content=\"es_ES\" \/>\n<meta property=\"og:type\" content=\"article\" \/>\n<meta property=\"og:title\" content=\"Privacy - Marco Moony\" \/>\n<meta property=\"og:description\" content=\"Titular del tratamiento. El controlador de datos es Marco Moony, con sede en Palma de Mallorca. Los derechos a que se refiere el art. 7 Decreto Legislativo n. 196\/03. Le recordamos que la parte interesada tiene derecho a obtener una indicaci\u00f3n del origen de los datos personales; los prop\u00f3sitos y m\u00e9todos de tratamiento; de la &hellip; Continuar leyendo &quot;Privacy&quot;\" \/>\n<meta property=\"og:url\" content=\"https:\/\/marcomoony.com\/esp\/privacy\/\" \/>\n<meta property=\"og:site_name\" content=\"Marco Moony\" \/>\n<meta name=\"twitter:card\" content=\"summary_large_image\" \/>\n<meta name=\"twitter:label1\" content=\"Tiempo de lectura\" \/>\n\t<meta name=\"twitter:data1\" content=\"5 minutos\" \/>\n<script type=\"application\/ld+json\" class=\"yoast-schema-graph\">{\"@context\":\"https:\/\/schema.org\",\"@graph\":[{\"@type\":\"WebPage\",\"@id\":\"https:\/\/marcomoony.com\/esp\/privacy\/\",\"url\":\"https:\/\/marcomoony.com\/esp\/privacy\/\",\"name\":\"Privacy - Marco Moony\",\"isPartOf\":{\"@id\":\"https:\/\/marcomoony.com\/esp\/#website\"},\"datePublished\":\"2023-05-16T15:09:12+00:00\",\"dateModified\":\"2023-05-16T15:09:12+00:00\",\"breadcrumb\":{\"@id\":\"https:\/\/marcomoony.com\/esp\/privacy\/#breadcrumb\"},\"inLanguage\":\"es\",\"potentialAction\":[{\"@type\":\"ReadAction\",\"target\":[\"https:\/\/marcomoony.com\/esp\/privacy\/\"]}]},{\"@type\":\"BreadcrumbList\",\"@id\":\"https:\/\/marcomoony.com\/esp\/privacy\/#breadcrumb\",\"itemListElement\":[{\"@type\":\"ListItem\",\"position\":1,\"name\":\"Portada\",\"item\":\"https:\/\/marcomoony.com\/esp\/\"},{\"@type\":\"ListItem\",\"position\":2,\"name\":\"Privacy\"}]},{\"@type\":\"WebSite\",\"@id\":\"https:\/\/marcomoony.com\/esp\/#website\",\"url\":\"https:\/\/marcomoony.com\/esp\/\",\"name\":\"Marco Moony\",\"description\":\"Percusionista Electr\u00f3nico Internacional\",\"publisher\":{\"@id\":\"https:\/\/marcomoony.com\/esp\/#organization\"},\"potentialAction\":[{\"@type\":\"SearchAction\",\"target\":{\"@type\":\"EntryPoint\",\"urlTemplate\":\"https:\/\/marcomoony.com\/esp\/?s={search_term_string}\"},\"query-input\":\"required name=search_term_string\"}],\"inLanguage\":\"es\"},{\"@type\":\"Organization\",\"@id\":\"https:\/\/marcomoony.com\/esp\/#organization\",\"name\":\"Marco Moony\",\"url\":\"https:\/\/marcomoony.com\/esp\/\",\"logo\":{\"@type\":\"ImageObject\",\"inLanguage\":\"es\",\"@id\":\"https:\/\/marcomoony.com\/esp\/#\/schema\/logo\/image\/\",\"url\":\"https:\/\/marcomoony.com\/esp\/wp-content\/uploads\/sites\/5\/2023\/05\/cropped-marcomoony-logo.png\",\"contentUrl\":\"https:\/\/marcomoony.com\/esp\/wp-content\/uploads\/sites\/5\/2023\/05\/cropped-marcomoony-logo.png\",\"width\":736,\"height\":250,\"caption\":\"Marco Moony\"},\"image\":{\"@id\":\"https:\/\/marcomoony.com\/esp\/#\/schema\/logo\/image\/\"}}]}<\/script>\n<!-- \/ Yoast SEO plugin. -->","yoast_head_json":{"title":"Privacy - Marco Moony","robots":{"index":"index","follow":"follow","max-snippet":"max-snippet:-1","max-image-preview":"max-image-preview:large","max-video-preview":"max-video-preview:-1"},"canonical":"https:\/\/marcomoony.com\/esp\/privacy\/","og_locale":"es_ES","og_type":"article","og_title":"Privacy - Marco Moony","og_description":"Titular del tratamiento. El controlador de datos es Marco Moony, con sede en Palma de Mallorca. Los derechos a que se refiere el art. 7 Decreto Legislativo n. 196\/03. Le recordamos que la parte interesada tiene derecho a obtener una indicaci\u00f3n del origen de los datos personales; los prop\u00f3sitos y m\u00e9todos de tratamiento; de la &hellip; Continuar leyendo \"Privacy\"","og_url":"https:\/\/marcomoony.com\/esp\/privacy\/","og_site_name":"Marco Moony","twitter_card":"summary_large_image","twitter_misc":{"Tiempo de lectura":"5 minutos"},"schema":{"@context":"https:\/\/schema.org","@graph":[{"@type":"WebPage","@id":"https:\/\/marcomoony.com\/esp\/privacy\/","url":"https:\/\/marcomoony.com\/esp\/privacy\/","name":"Privacy - Marco Moony","isPartOf":{"@id":"https:\/\/marcomoony.com\/esp\/#website"},"datePublished":"2023-05-16T15:09:12+00:00","dateModified":"2023-05-16T15:09:12+00:00","breadcrumb":{"@id":"https:\/\/marcomoony.com\/esp\/privacy\/#breadcrumb"},"inLanguage":"es","potentialAction":[{"@type":"ReadAction","target":["https:\/\/marcomoony.com\/esp\/privacy\/"]}]},{"@type":"BreadcrumbList","@id":"https:\/\/marcomoony.com\/esp\/privacy\/#breadcrumb","itemListElement":[{"@type":"ListItem","position":1,"name":"Portada","item":"https:\/\/marcomoony.com\/esp\/"},{"@type":"ListItem","position":2,"name":"Privacy"}]},{"@type":"WebSite","@id":"https:\/\/marcomoony.com\/esp\/#website","url":"https:\/\/marcomoony.com\/esp\/","name":"Marco Moony","description":"Percusionista Electr\u00f3nico Internacional","publisher":{"@id":"https:\/\/marcomoony.com\/esp\/#organization"},"potentialAction":[{"@type":"SearchAction","target":{"@type":"EntryPoint","urlTemplate":"https:\/\/marcomoony.com\/esp\/?s={search_term_string}"},"query-input":"required name=search_term_string"}],"inLanguage":"es"},{"@type":"Organization","@id":"https:\/\/marcomoony.com\/esp\/#organization","name":"Marco Moony","url":"https:\/\/marcomoony.com\/esp\/","logo":{"@type":"ImageObject","inLanguage":"es","@id":"https:\/\/marcomoony.com\/esp\/#\/schema\/logo\/image\/","url":"https:\/\/marcomoony.com\/esp\/wp-content\/uploads\/sites\/5\/2023\/05\/cropped-marcomoony-logo.png","contentUrl":"https:\/\/marcomoony.com\/esp\/wp-content\/uploads\/sites\/5\/2023\/05\/cropped-marcomoony-logo.png","width":736,"height":250,"caption":"Marco Moony"},"image":{"@id":"https:\/\/marcomoony.com\/esp\/#\/schema\/logo\/image\/"}}]}},"_links":{"self":[{"href":"https:\/\/marcomoony.com\/esp\/wp-json\/wp\/v2\/pages\/177"}],"collection":[{"href":"https:\/\/marcomoony.com\/esp\/wp-json\/wp\/v2\/pages"}],"about":[{"href":"https:\/\/marcomoony.com\/esp\/wp-json\/wp\/v2\/types\/page"}],"author":[{"embeddable":true,"href":"https:\/\/marcomoony.com\/esp\/wp-json\/wp\/v2\/users\/1"}],"replies":[{"embeddable":true,"href":"https:\/\/marcomoony.com\/esp\/wp-json\/wp\/v2\/comments?post=177"}],"version-history":[{"count":1,"href":"https:\/\/marcomoony.com\/esp\/wp-json\/wp\/v2\/pages\/177\/revisions"}],"predecessor-version":[{"id":178,"href":"https:\/\/marcomoony.com\/esp\/wp-json\/wp\/v2\/pages\/177\/revisions\/178"}],"wp:attachment":[{"href":"https:\/\/marcomoony.com\/esp\/wp-json\/wp\/v2\/media?parent=177"}],"curies":[{"name":"wp","href":"https:\/\/api.w.org\/{rel}","templated":true}]}}